{"id":4428,"date":"2025-12-03T08:37:32","date_gmt":"2025-12-03T08:37:32","guid":{"rendered":"https:\/\/www.kihlstroms.se\/v3\/?page_id=4428"},"modified":"2025-12-03T12:02:23","modified_gmt":"2025-12-03T12:02:23","slug":"jobba-hos-oss-tekniker","status":"publish","type":"page","link":"https:\/\/www.kihlstroms.se\/v3\/en\/jobba-hos-oss-tekniker\/","title":{"rendered":"Tekniker"},"content":{"rendered":"<p>Vi s\u00f6ker tekniker! Som tekniker hos oss kan du f\u00f6rv\u00e4nta dig detta:<\/p>\n\n\n\n<ul class=\"wp-block-list\">\n<li>Tydlighet i din roll<\/li>\n\n\n\n<li>J\u00e4mnt infl\u00f6de av jobb \u2013 s\u00e4llan panik, s\u00e4llan dippar<\/li>\n\n\n\n<li>Teknikerna jobbar som ett team<\/li>\n\n\n\n<li>M\u00e5nadsbonus f\u00f6r hela gruppen<\/li>\n\n\n\n<li>Tid att hj\u00e4lpa varandra<\/li>\n\n\n\n<li>Vi g\u00f6r riktiga, professionella reparationer<\/li>\n\n\n\n<li>Inga snabbjobb, inga genv\u00e4gar<\/li>\n\n\n\n<li>V\u00e4linarbetade rutiner \u2013 ovanligt med tidshets<\/li>\n\n\n\n<li>Det tar tid att bli riktigt bra p\u00e5 ett fordon, vi investerar i personer som vill v\u00e4xa och l\u00e4ra sig yrket p\u00e5 riktigt<\/li>\n\n\n\n<li>Flera utbildningar per \u00e5r<\/li>\n\n\n\n<li>Certifieringar betalda av oss<\/li>\n\n\n\n<li>M\u00f6jlighet att ta C-kort \u2013 vi betalar<\/li>\n\n\n\n<li>F\u00f6retag med l\u00e5ng historia och stabil ekonomi<br>L\u00f6nen kommer alltid i tid<\/li>\n\n\n\n<li>Kollektivavtal \u2013 och l\u00f6ner \u00f6ver niv\u00e5<\/li>\n\n\n\n<li>Extra f\u00f6rm\u00e5ner ut\u00f6ver avtalet<\/li>\n\n\n\n<li>Mycket IVECO: du l\u00e4r dig fordonet och blir riktigt bra p\u00e5 det<\/li>\n\n\n\n<li>IVECO, ISUZU och p\u00e5byggnader: lyftar, kylaggregat, kranar m.m.<\/li>\n\n\n\n<li>Variation f\u00f6r den som vill tack vare stora kundflottor \u2013 m\u00e5nga olika typer av fordon<\/li>\n\n\n\n<li>Bra reservdelsrutiner<\/li>\n\n\n\n<li>Egen upps\u00e4ttning verktyg \u2013 h\u00f6gsta kvalitet<\/li>\n\n\n\n<li>Bra teknisk support<\/li>\n\n\n\n<li>Egna arbetskl\u00e4der \u2013 r\u00e4tt storlek, bra kvalitet<\/li>\n\n\n\n<li>Alla tekniker har nyckel och larmkod<\/li>\n\n\n\n<li>Tekniker f\u00e5r l\u00e5na verkstaden f\u00f6r hobby kv\u00e4llar<\/li>\n\n\n\n<li>Platt organisation \u2013 tekniker \u00e4r inte \u201cl\u00e4ngst ner\u201d hos oss<\/li>\n\n\n\n<li>3 500 \u00e5terkommande kunder<\/li>\n\n\n\n<li>H\u00f6g kundn\u00f6jdhet och stabil volym<\/li>\n\n\n\n<li>Kontinuitet och l\u00e5ngsiktighet<\/li>\n\n\n\n<li>Aktiviteter f\u00f6r all personal, julbord, teambuilding<\/li>\n\n\n\n<li>Och vi grillar ibland \u2013 hamburgare till personal och kunder som kommer f\u00f6rbi<\/li>\n<\/ul>\n\n\n\n<p>V\u00e4lkommen till v\u00e5rt g\u00e4ng, skicka ett mail till&nbsp;<a href=\"mailto:micha@kihlstroms.se\">micha@kihlstroms.se<\/a><\/p>","protected":false},"excerpt":{"rendered":"<p>Vi s\u00f6ker tekniker! Som tekniker hos oss kan du f\u00f6rv\u00e4nta dig detta: V\u00e4lkommen till v\u00e5rt g\u00e4ng, skicka ett mail till&nbsp;micha@kihlstroms.se<\/p>","protected":false},"author":1,"featured_media":0,"parent":0,"menu_order":0,"comment_status":"closed","ping_status":"closed","template":"","meta":{"_eb_attr":"","neve_meta_sidebar":"","neve_meta_container":"","neve_meta_enable_content_width":"","neve_meta_content_width":0,"neve_meta_title_alignment":"","neve_meta_author_avatar":"","neve_post_elements_order":"","neve_meta_disable_header":"","neve_meta_disable_footer":"","neve_meta_disable_title":"","neve_meta_reading_time":"","footnotes":""},"class_list":["post-4428","page","type-page","status-publish","hentry"],"_links":{"self":[{"href":"https:\/\/www.kihlstroms.se\/v3\/en\/wp-json\/wp\/v2\/pages\/4428","targetHints":{"allow":["GET"]}}],"collection":[{"href":"https:\/\/www.kihlstroms.se\/v3\/en\/wp-json\/wp\/v2\/pages"}],"about":[{"href":"https:\/\/www.kihlstroms.se\/v3\/en\/wp-json\/wp\/v2\/types\/page"}],"author":[{"embeddable":true,"href":"https:\/\/www.kihlstroms.se\/v3\/en\/wp-json\/wp\/v2\/users\/1"}],"replies":[{"embeddable":true,"href":"https:\/\/www.kihlstroms.se\/v3\/en\/wp-json\/wp\/v2\/comments?post=4428"}],"version-history":[{"count":6,"href":"https:\/\/www.kihlstroms.se\/v3\/en\/wp-json\/wp\/v2\/pages\/4428\/revisions"}],"predecessor-version":[{"id":4450,"href":"https:\/\/www.kihlstroms.se\/v3\/en\/wp-json\/wp\/v2\/pages\/4428\/revisions\/4450"}],"wp:attachment":[{"href":"https:\/\/www.kihlstroms.se\/v3\/en\/wp-json\/wp\/v2\/media?parent=4428"}],"curies":[{"name":"wp","href":"https:\/\/api.w.org\/{rel}","templated":true}]}}