{"id":1205,"date":"2024-05-21T07:37:36","date_gmt":"2024-05-21T07:37:36","guid":{"rendered":"https:\/\/www.kihlstroms.se\/v3\/?page_id=1205"},"modified":"2024-05-21T07:37:36","modified_gmt":"2024-05-21T07:37:36","slug":"prisgaranti","status":"publish","type":"page","link":"https:\/\/www.kihlstroms.se\/v3\/prisgaranti\/","title":{"rendered":"Prisgaranti"},"content":{"rendered":"\n<p><\/p>\n\n\n\n<figure class=\"wp-block-gallery has-nested-images columns-default is-cropped wp-block-gallery-1 is-layout-flex wp-block-gallery-is-layout-flex\"><\/figure>\n\n\n\n<p><\/p>\n\n\n\n<p><strong>Varf\u00f6r v\u00e4lja en auktoriserad m\u00e4rkesverkstad f\u00f6r din begagnade IVECO transportbil?<\/strong>&nbsp;<\/p>\n\n\n\n<p><strong>Maximera v\u00e4rdet av Din IVECO<\/strong>&nbsp;<\/p>\n\n\n\n<p>Att underh\u00e5lla din IVECO enligt tillverkarens rekommendationer inneb\u00e4r mindre stillest\u00e5nd, l\u00e4gre driftskostnader och b\u00e4ttre andrahandsv\u00e4rde. &nbsp;<\/p>\n\n\n\n<p><strong>\u00c4r service viktig \u00e4ven f\u00f6r en \u00e4ldre bil?<\/strong>&nbsp;&nbsp;<\/p>\n\n\n\n<p>Absolut. Korrekt underh\u00e5ll \u00e4ven efter garantitiden \u00e4r avg\u00f6rande f\u00f6r tillf\u00f6rlitlighet, h\u00e5llbarhet och driftskostnader. D\u00e4rf\u00f6r ser vi till att \u00e4ven \u00e4ldre IVECO-modeller har tillg\u00e5ng till den serviceniv\u00e5 som endast en auktoriserad verkstad kan erbjuda.&nbsp;<\/p>\n\n\n\n<p><strong>Olja, hur komplext kan det vara?&nbsp;<\/strong><\/p>\n\n\n\n<p>En IVECO kan h\u00e5lla otroligt l\u00e4nge om den sk\u00f6ts p\u00e5 r\u00e4tt s\u00e4tt, vi har sett m\u00e5nga Daily passera 100&nbsp;000 mil. Men dagens fordon \u00e4r komplexa, och oljan \u00e4r ett utm\u00e4rkt exempel. En Daily med avgasklassning Euro 6 \u00e4r inte l\u00e4ngre Euro 6 om en annan olja anv\u00e4nds. R\u00e4tt olja, med r\u00e4tt godk\u00e4nnandenummer, \u00e4r en del av klassificeringen. Dessa produkter genomg\u00e5r rigor\u00f6sa tester under h\u00f6g belastning f\u00f6r att garantera h\u00f6gsta kvalitet.&nbsp;<\/p>\n\n\n\n<p><strong>Bromsar \u00e4r mer \u00e4n bara bromsar<\/strong>&nbsp;<\/p>\n\n\n\n<p>Bromsarna \u00e4r framtagna i fabriken som en helhet och minuti\u00f6st testade f\u00f6r att fungera korrekt.&nbsp;De \u00e4r en del av s\u00e4kerhetssystem som ABS, antisladd och kollisionsskydd. System som \u00e4r framtagna tillsammans och fungerar tillsammans.&nbsp;Hur vet man som kund att tex bromsbel\u00e4gg uppfyller de krav som systemen \u00e4r konstruerade utifr\u00e5n. Som en slitagedel inneb\u00e4r bel\u00e4ggen d\u00e4rtill en kostnad, som m\u00e5ste ber\u00e4knas utifr\u00e5n inte bara ink\u00f6pspris utan \u00e4ven arbetstid avseende byte, livsl\u00e4ngd och stillest\u00e5nd. Bromsbel\u00e4gg f\u00f6r halva priset ger som exempel stora f\u00f6rluster om de beh\u00f6ver bytas efter 70% av tiden.&nbsp;&nbsp;<\/p>\n\n\n\n<p><strong>Vad \u00e4r det d\u00e4r &#8221;Uppdatering&#8221; egentligen?<\/strong>&nbsp;<\/p>\n\n\n\n<p>En annan viktig aspekt av korrekt underh\u00e5ll \u00e4r uppdateringar. Detta inneb\u00e4r inte bara mjukvaruuppdateringar utan ocks\u00e5 kontinuerlig inl\u00e4rning fr\u00e5n fabriken om vilka delar som slits mer eller mindre, vilka problem som uppst\u00e5r osv. Dessa insikter leder till b\u00e5de mjukvaru- och h\u00e5rdvaruuppdateringar. Om ett fordon inte g\u00e5r till en auktoriserad verkstad kan det missa uppdateringar som inte \u00e4r s\u00e4kerhetskritiska men f\u00f6rebyggande.&nbsp;<\/p>\n\n\n\n<p><strong>En mekaniker som \u00e4r b\u00e4st p\u00e5 allt i hela v\u00e4rlden<\/strong>&nbsp;<\/p>\n\n\n\n<p>V\u00e4rdet av korrekt utbildning och erfarenhet \u00e4r ov\u00e4rderligt. Skulle du f\u00f6redra en tekniker som har bytt hundratals sk\u00e4rmar p\u00e5 mobiltelefoner eller en som g\u00f6r det f\u00f6r f\u00f6rsta g\u00e5ngen? Vem vill du ska sk\u00f6ta din IVECO &#8211; en som \u00e4r utbildad av fabriken specifikt f\u00f6r detta eller n\u00e5gon som g\u00f6r det ibland? V\u00e5r erfarenhet s\u00e4ger oss att v\u00e4lutbildade tekniker ger betydligt f\u00e4rre \u00e5terbes\u00f6k f\u00f6r ditt fordon.&nbsp;<\/p>\n\n\n\n<p><strong>Olika typer av garantier&nbsp;<\/strong><\/p>\n\n\n\n<p>Nybilsgaranti \u00e4r bara en av flera garantier, det kan finnas andra och \u00e4ven s\u00e5dana som g\u00e4ller m\u00e5nga \u00e5r efter utg\u00e5ngen av nybilsgarantin, tex rostskydd eller avgasrening. F\u00f6r att dessa ska forts\u00e4tta g\u00e4lla under dessa \u00e5r \u00e4r det viktigt att fordonet underh\u00e5lls korrekt.&nbsp;<\/p>\n\n\n\n<p><strong>Prisgaranti \u2013 Hur fungerar det?<\/strong>&nbsp;<\/p>\n\n\n\n<p>V\u00e5r prisgaranti omfattar b\u00e5de l\u00f6pande service och reparationer. Vi garanterar att du hos oss f\u00e5r det l\u00e4gsta priset f\u00f6r dessa arbeten p\u00e5 din IVECO s\u00e5 l\u00e4nge de j\u00e4mf\u00f6rs r\u00e4ttvist efter att din garanti har l\u00f6pt ut. F\u00f6r att garantin ska g\u00e4lla m\u00e5ste:&nbsp;<\/p>\n\n\n\n<ul class=\"wp-block-list\">\n<li>Du visa en offert fr\u00e5n en annan akt\u00f6r, inte \u00e4ldre \u00e4n en m\u00e5nad, vid bokning av fordon (inte efter\u00e5t).\u00a0<\/li>\n\n\n\n<li>Offerten ska inkludera fordonets registreringsnummer, en specifikation av det arbete som avses och, f\u00f6r service, ska protokollet ocks\u00e5 specificeras.\u00a0<\/li>\n\n\n\n<li>Den ska ocks\u00e5 specificera alla reservdelar som ing\u00e5r med artikelnummer och pris samt arbetskostnaden. Om icke-originaldelar anv\u00e4nds m\u00e5ste de vara nya och av motsvarande kvalitet.\u00a0<\/li>\n\n\n\n<li>F\u00f6r r\u00e4ttvisans skull beh\u00f6ver den andra verkstaden ocks\u00e5 ligga inom samma geografiska omr\u00e5de, priser kan av naturliga sk\u00e4l annars skilja mellan landsbygd och storstad etc.\u00a0<\/li>\n<\/ul>\n\n\n\n<p>Att v\u00e4lja en auktoriserad m\u00e4rkesverkstad f\u00f6r din IVECO, \u00e4ven efter garantiperioden, s\u00e4kerst\u00e4ller b\u00e4sta v\u00e5rd, tillf\u00f6rlitlighet och v\u00e4rdebevarande f\u00f6r ditt fordon. Kompromissa inte med kvaliteten n\u00e4r det g\u00e4ller att underh\u00e5lla din investering.&nbsp;<\/p>\n","protected":false},"excerpt":{"rendered":"<p>Varf\u00f6r v\u00e4lja en auktoriserad m\u00e4rkesverkstad f\u00f6r din begagnade IVECO transportbil?&nbsp; Maximera v\u00e4rdet av Din IVECO&nbsp; Att underh\u00e5lla din IVECO enligt tillverkarens rekommendationer inneb\u00e4r mindre stillest\u00e5nd, l\u00e4gre driftskostnader och b\u00e4ttre andrahandsv\u00e4rde. &nbsp; \u00c4r service viktig \u00e4ven f\u00f6r en \u00e4ldre bil?&nbsp;&nbsp; Absolut. Korrekt underh\u00e5ll \u00e4ven efter garantitiden \u00e4r avg\u00f6rande f\u00f6r tillf\u00f6rlitlighet, h\u00e5llbarhet och driftskostnader. D\u00e4rf\u00f6r ser vi&hellip;&nbsp;<a href=\"https:\/\/www.kihlstroms.se\/v3\/prisgaranti\/\" rel=\"bookmark\">Read More &raquo;<span class=\"screen-reader-text\">Prisgaranti<\/span><\/a><\/p>\n","protected":false},"author":2,"featured_media":1208,"parent":0,"menu_order":0,"comment_status":"closed","ping_status":"closed","template":"","meta":{"_eb_attr":"","neve_meta_sidebar":"","neve_meta_container":"","neve_meta_enable_content_width":"","neve_meta_content_width":0,"neve_meta_title_alignment":"","neve_meta_author_avatar":"","neve_post_elements_order":"","neve_meta_disable_header":"","neve_meta_disable_footer":"","neve_meta_disable_title":"","neve_meta_reading_time":"","footnotes":""},"class_list":["post-1205","page","type-page","status-publish","has-post-thumbnail","hentry"],"_links":{"self":[{"href":"https:\/\/www.kihlstroms.se\/v3\/wp-json\/wp\/v2\/pages\/1205","targetHints":{"allow":["GET"]}}],"collection":[{"href":"https:\/\/www.kihlstroms.se\/v3\/wp-json\/wp\/v2\/pages"}],"about":[{"href":"https:\/\/www.kihlstroms.se\/v3\/wp-json\/wp\/v2\/types\/page"}],"author":[{"embeddable":true,"href":"https:\/\/www.kihlstroms.se\/v3\/wp-json\/wp\/v2\/users\/2"}],"replies":[{"embeddable":true,"href":"https:\/\/www.kihlstroms.se\/v3\/wp-json\/wp\/v2\/comments?post=1205"}],"version-history":[{"count":3,"href":"https:\/\/www.kihlstroms.se\/v3\/wp-json\/wp\/v2\/pages\/1205\/revisions"}],"predecessor-version":[{"id":1210,"href":"https:\/\/www.kihlstroms.se\/v3\/wp-json\/wp\/v2\/pages\/1205\/revisions\/1210"}],"wp:featuredmedia":[{"embeddable":true,"href":"https:\/\/www.kihlstroms.se\/v3\/wp-json\/wp\/v2\/media\/1208"}],"wp:attachment":[{"href":"https:\/\/www.kihlstroms.se\/v3\/wp-json\/wp\/v2\/media?parent=1205"}],"curies":[{"name":"wp","href":"https:\/\/api.w.org\/{rel}","templated":true}]}}