{"id":25,"date":"2022-10-04T14:41:17","date_gmt":"2022-10-04T14:41:17","guid":{"rendered":"https:\/\/www.kihlstroms.se\/v3\/?page_id=25"},"modified":"2025-06-10T08:07:04","modified_gmt":"2025-06-10T08:07:04","slug":"hem","status":"publish","type":"page","link":"https:\/\/www.kihlstroms.se\/v3\/","title":{"rendered":"Hem"},"content":{"rendered":"\n<div class=\"wp-block-columns is-layout-flex wp-container-core-columns-is-layout-9d6595d7 wp-block-columns-is-layout-flex\">\n<div class=\"wp-block-column is-layout-flow wp-block-column-is-layout-flow\"><div id=\"gutenslider-q8gz8gmpa\" class=\"wp-block-eedee-block-gutenslider gs-frontend content-change alignnone arrow-style-1 arrow-position-sides arrow-mb-none arrows-lg-none arrows-md-none arrows-sm-none dot-style-1 dots-lg dots-md dots-sm dot-position-bottom is-position-center-center mb-none gs-first-not-lazy wrap-auto-height\" data-parallax-direction=\"down\" data-parallax-amount=\"1.3\" data-lg-transition=\"lg-slide\" data-hash=\"\" ><div class=\"eedee-swiper-outer\" style=\"--gutenslider-min-height: 80vh;--gutenslider-arrow-size: 70px;--gutenslider-dot-size: 30px;--gutenslider-arrow-color: #ffffff;--gutenslider-dot-color: #ffffff;--gutenslider-padding-y-mobile: 40px;--gutenslider-padding-x-mobile: 40px;--gutenslider-padding-y-tablet: 40px;--gutenslider-padding-x-tablet: 40px;--gutenslider-padding-y-desktop: 40px;--gutenslider-padding-x-desktop: 40px;--gutenslider-bg-image: url();--gutenslider-min-height-md: 50vh;--gutenslider-min-height-sm: 50vh;--gutenslider-padding-x: 40px;--gutenslider-padding-x-md: 40px;--gutenslider-padding-x-sm: 20px;--gutenslider-padding-y: 40px;--gutenslider-padding-y-md: 40px;--gutenslider-padding-y-sm: 20px;--gutenslider-arrow-size-md: 70px;--gutenslider-arrow-size-sm: 70px;--gutenslider-dot-size-md: 30px;--gutenslider-dot-size-sm: 30px;--gutenslider-arrow-bg-color: transparent;--gutenslider-arrow-hover-color: #eeeeee;--gutenslider-arrow-bg-hover-color: transparent;--gutenslider-arrow-x-offset: 10px;--gutenslider-arrow-x-offset-md: 10px;--gutenslider-arrow-x-offset-sm: 10px;--gutenslider-arrow-y-offset: 0px;--gutenslider-arrow-y-offset-md: 0px;--gutenslider-arrow-y-offset-sm: 0px;--gutenslider-arrow-x-spacing: 0px;--gutenslider-dot-y-offset: 25px;--gutenslider-dot-y-offset-md: 25px;--gutenslider-dot-y-offset-sm: 25px;--gutenslider-margin-x: 0px;--gutenslider-margin-x-md: 0px;--gutenslider-margin-x-sm: 0px;--gutenslider-margin-y: 0px;--gutenslider-margin-y-md: 0px;--gutenslider-margin-y-sm: 0px;--gutenslider-divider-top: 60px;--gutenslider-divider-bottom: 60px;--gutenslider-lightgallery-bg: #ffffff;--gutenslider-lightgallery-font: #000000;--gs-first-pos: 7.000000000000001% 35%;--gs-gap-vertical: var( --wp--style--gallery-gap-default, var( --gallery-block--gutter-size, var( --wp--style--block-gap, 0.5em ) ) );--gs-gap-horizontal: var( --wp--style--gallery-gap-default, var( --gallery-block--gutter-size, var( --wp--style--block-gap, 0.5em ) ) );\"><div class=\"gutenslider-divider-top\" style=\"color:#fff;\"><\/div><div class=\"swiper\" data-settings='{\"autoplay\":{\"delay\":5000,\"pauseOnMouseEnter\":true,\"disableOnInteraction\":false},\"speed\":1800,\"direction\":\"horizontal\",\"autoHeight\":\"\",\"loop\":true,\"centeredSlides\":true,\"spaceBetween\":0,\"slidesPerView\":1,\"slidesPerGroup\":1,\"effect\":\"slide\",\"coverflowEffect\":{\"rotate\":30,\"slideShadows\":false,\"depth\":100,\"stretch\":50,\"modifier\":1},\"fadeEffect\":{\"crossFade\":true},\"zoom\":\"\",\"navigation\":{\"nextEl\":\"#gutenslider-q8gz8gmpa .eedee-gutenslider-next\",\"prevEl\":\"#gutenslider-q8gz8gmpa .eedee-gutenslider-prev\"},\"pagination\":{\"type\":\"bullets\",\"clickable\":true,\"dynamicBullets\":false,\"el\":\"#gutenslider-q8gz8gmpa .eedee-gutenslider-pagination\"},\"pauseOnHover\":\"1\",\"watchSlidesProgress\":true,\"watchSlidesVisibility\":true,\"settingsMd\":{\"autoHeight\":\"\",\"slidesPerView\":1,\"slidesPerGroup\":1,\"spaceBetween\":0,\"loop\":true},\"settingsLg\":{\"autoHeight\":\"\",\"slidesPerView\":1,\"slidesPerGroup\":1,\"spaceBetween\":0,\"loop\":true},\"hasLg\":false,\"hasLgCounter\":true,\"isFullScreen\":false,\"arrowsFollowMouse\":false,\"lgTitle\":\"none\",\"lgCaption\":\"none\",\"lgThumbnails\":true,\"lgZoomEnabled\":false,\"keyboard\":false,\"hashNavigation\":false,\"dividers\":false}'><div class=\"swiper-wrapper\">\n<div class=\"swiper-slide wp-block-eedee-block-gutenslide is-position-center-center ed-bg-image gs-slide-0\" style=\"--ed-vw:300;--ed-vh:182;\" data-hash=\"\"><div class=\"eedee-background-div bg-image\"><img width=\"2560\" height=\"1549\" class=\"wp-image-1023 gs-slide-img-0\" src=\"https:\/\/www.kihlstroms.se\/v3\/wp-content\/uploads\/2023\/10\/Skarmavbild-0-scaled.jpg\" alt=\"\" decoding=\"async\" style=\"object-fit: cover; object-position: 7% 35%;\"  data-title=\"Sk\u00e4rmavbild 0\" srcset=\"https:\/\/www.kihlstroms.se\/v3\/wp-content\/uploads\/2023\/10\/Skarmavbild-0-scaled.jpg 2560w, https:\/\/www.kihlstroms.se\/v3\/wp-content\/uploads\/2023\/10\/Skarmavbild-0-300x182.jpg 300w, https:\/\/www.kihlstroms.se\/v3\/wp-content\/uploads\/2023\/10\/Skarmavbild-0-1024x620.jpg 1024w, https:\/\/www.kihlstroms.se\/v3\/wp-content\/uploads\/2023\/10\/Skarmavbild-0-768x465.jpg 768w, https:\/\/www.kihlstroms.se\/v3\/wp-content\/uploads\/2023\/10\/Skarmavbild-0-1536x930.jpg 1536w, https:\/\/www.kihlstroms.se\/v3\/wp-content\/uploads\/2023\/10\/Skarmavbild-0-2048x1239.jpg 2048w, https:\/\/www.kihlstroms.se\/v3\/wp-content\/uploads\/2023\/10\/Skarmavbild-0-18x12.jpg 18w, https:\/\/www.kihlstroms.se\/v3\/wp-content\/uploads\/2023\/10\/Skarmavbild-0-1600x968.jpg 1600w\" sizes=\"(max-width: 2560px) 100vw, 2560px\" \/><div class=\"eedee-background-div__overlay\" style=\"opacity:0.6;background:var(--nv-secondary-accent);\"><\/div><\/div><div class=\"slide-content\">\n\n<h1 class=\"wp-block-heading has-text-align-center gutenslider-content-initial has-nv-site-bg-color has-text-color has-larger-font-size\"><strong>IVECO eDaily<br> <\/strong>F\u00e5 tillg\u00e5ng till milj\u00f6zon 3<strong>, med den b\u00e4sta transportbilen f\u00f6r stan <\/strong><\/h1>\n\n\n\n<h4 class=\"wp-block-heading has-text-align-center has-nv-site-bg-color has-text-color\"><strong>Kihlstr\u00f6ms erbjuder HVO, Biogas, Diesel &amp; El-drivna transportbilar <\/strong><\/h4>\n\n\n\n<div class=\"wp-block-buttons is-content-justification-center is-layout-flex wp-container-core-buttons-is-layout-16018d1d wp-block-buttons-is-layout-flex\">\n<div class=\"wp-block-button is-style-secondary\"><a class=\"wp-block-button__link wp-element-button\" href=\"\/v3\/tour\">L\u00e4s mer<\/a><\/div>\n<\/div>\n\n<\/div><\/div>\n\n<div class=\"swiper-slide wp-block-eedee-block-gutenslide is-position-center-center ed-bg-image gs-slide-1\" style=\"--ed-vw:300;--ed-vh:200;\" data-hash=\"\"><div class=\"eedee-background-div bg-image\"><img loading=\"lazy\" width=\"2560\" height=\"1707\" class=\"wp-image-366 gs-slide-img-1\" src=\"https:\/\/www.kihlstroms.se\/v3\/wp-content\/uploads\/2022\/11\/07-scaled.jpg\" alt=\"\" decoding=\"async\" style=\"object-fit: cover; object-position: 51% 48%;\"  data-title=\"07\" srcset=\"https:\/\/www.kihlstroms.se\/v3\/wp-content\/uploads\/2022\/11\/07-scaled.jpg 2560w, https:\/\/www.kihlstroms.se\/v3\/wp-content\/uploads\/2022\/11\/07-300x200.jpg 300w, https:\/\/www.kihlstroms.se\/v3\/wp-content\/uploads\/2022\/11\/07-1024x683.jpg 1024w, https:\/\/www.kihlstroms.se\/v3\/wp-content\/uploads\/2022\/11\/07-768x512.jpg 768w, https:\/\/www.kihlstroms.se\/v3\/wp-content\/uploads\/2022\/11\/07-1600x1067.jpg 1600w, https:\/\/www.kihlstroms.se\/v3\/wp-content\/uploads\/2022\/11\/07-1536x1024.jpg 1536w, https:\/\/www.kihlstroms.se\/v3\/wp-content\/uploads\/2022\/11\/07-2048x1366.jpg 2048w, https:\/\/www.kihlstroms.se\/v3\/wp-content\/uploads\/2022\/11\/07-930x620.jpg 930w\" sizes=\"auto, (max-width: 2560px) 100vw, 2560px\" \/><div class=\"eedee-background-div__overlay\" style=\"opacity:0.5;background:var(--nv-secondary-accent);\"><\/div><\/div><div class=\"slide-content\">\n\n<h1 class=\"wp-block-heading has-text-align-center gutenslider-content-initial has-nv-site-bg-color has-text-color has-larger-font-size\">Transportbilar<br>f\u00f6r snabb leverans<\/h1>\n\n\n\n<h4 class=\"wp-block-heading has-text-align-center has-nv-site-bg-color has-text-color\">Kihlstr\u00f6ms erbjuder HVO, Biogas, Diesel &amp; El-drivna transportbilar<\/h4>\n\n\n\n<div class=\"wp-block-buttons is-content-justification-center is-layout-flex wp-container-core-buttons-is-layout-16018d1d wp-block-buttons-is-layout-flex\">\n<div class=\"wp-block-button is-style-secondary\"><a class=\"wp-block-button__link wp-element-button\" href=\"https:\/\/www.kihlstroms.se\/v3\/kontakt\/\">Kontakta oss<\/a><\/div>\n\n\n\n<div class=\"wp-block-button is-style-secondary\"><a class=\"wp-block-button__link wp-element-button\" href=\"\/v3\/bilar-i-lager\">Bilar i lager<\/a><\/div>\n<\/div>\n\n<\/div><\/div>\n\n<div class=\"swiper-slide wp-block-eedee-block-gutenslide is-position-center-center ed-bg-image gs-slide-2\" style=\"--ed-vw:300;--ed-vh:195;\" data-hash=\"\"><div class=\"eedee-background-div bg-image\"><img loading=\"lazy\" width=\"2560\" height=\"1666\" class=\"wp-image-368 gs-slide-img-2\" src=\"https:\/\/www.kihlstroms.se\/v3\/wp-content\/uploads\/2022\/11\/04_New_Daily_Driver_Night-scaled.jpg\" alt=\"\" decoding=\"async\" style=\"object-fit: cover; object-position: 50% 50%;\"  data-title=\"04_New_Daily_Driver_Night\" srcset=\"https:\/\/www.kihlstroms.se\/v3\/wp-content\/uploads\/2022\/11\/04_New_Daily_Driver_Night-scaled.jpg 2560w, https:\/\/www.kihlstroms.se\/v3\/wp-content\/uploads\/2022\/11\/04_New_Daily_Driver_Night-300x195.jpg 300w, https:\/\/www.kihlstroms.se\/v3\/wp-content\/uploads\/2022\/11\/04_New_Daily_Driver_Night-1024x666.jpg 1024w, https:\/\/www.kihlstroms.se\/v3\/wp-content\/uploads\/2022\/11\/04_New_Daily_Driver_Night-768x500.jpg 768w, https:\/\/www.kihlstroms.se\/v3\/wp-content\/uploads\/2022\/11\/04_New_Daily_Driver_Night-1600x1041.jpg 1600w, https:\/\/www.kihlstroms.se\/v3\/wp-content\/uploads\/2022\/11\/04_New_Daily_Driver_Night-1536x999.jpg 1536w, https:\/\/www.kihlstroms.se\/v3\/wp-content\/uploads\/2022\/11\/04_New_Daily_Driver_Night-2048x1333.jpg 2048w\" sizes=\"auto, (max-width: 2560px) 100vw, 2560px\" \/><div class=\"eedee-background-div__overlay\" style=\"opacity:0.5;background:var(--nv-secondary-accent);\"><\/div><\/div><div class=\"slide-content\">\n\n<h1 class=\"wp-block-heading has-text-align-center gutenslider-content-initial has-nv-site-bg-color has-text-color has-larger-font-size\">Kihlstr\u00f6ms \u00e4r Sveriges st\u00f6rsta<br>Iveco \u00e5terf\u00f6rs\u00e4ljare<\/h1>\n\n\n\n<h4 class=\"wp-block-heading has-text-align-center has-nv-site-bg-color has-text-color\">Kihlstr\u00f6ms erbjuder HVO, Biogas, Diesel &amp; El-drivna transportbilar<\/h4>\n\n\n\n<div class=\"wp-block-buttons is-content-justification-center is-layout-flex wp-container-core-buttons-is-layout-16018d1d wp-block-buttons-is-layout-flex\">\n<div class=\"wp-block-button is-style-secondary\"><a class=\"wp-block-button__link wp-element-button\" href=\"https:\/\/www.kihlstroms.se\/v3\/kontakt\/\">Kontakta oss<\/a><\/div>\n\n\n\n<div class=\"wp-block-button is-style-secondary\"><a class=\"wp-block-button__link wp-element-button\" href=\"\/v3\/bilar-i-lager\">Bilar i lager<\/a><\/div>\n<\/div>\n\n<\/div><\/div>\n<\/div><\/div><button class=\"eedee-gutenslider-nav eedee-gutenslider-prev\"><svg xmlns=\"http:\/\/www.w3.org\/2000\/svg\" viewBox=\"0 0 24 24\" width=\"24\" height=\"24\"><circle class=\"bg\" cx=\"13\" cy=\"12\" r=\"11\" \/><path fill=\"none\" d=\"M0 0h24v24H0z\"\/><path class=\"arrow\" d=\"M10.828 12l4.95 4.95-1.414 1.414L8 12l6.364-6.364 1.414 1.414z\"\/><\/svg><\/button><button class=\"eedee-gutenslider-nav eedee-gutenslider-next\"><svg xmlns=\"http:\/\/www.w3.org\/2000\/svg\" viewBox=\"0 0 24 24\" width=\"24\" height=\"24\"><circle class=\"bg\" cx=\"11\" cy=\"12\" r=\"11\" \/><path fill=\"none\" d=\"M0 0h24v24H0z\"\/><path class=\"arrow\" d=\"M13.172 12l-4.95-4.95 1.414-1.414L16 12l-6.364 6.364-1.414-1.414z\"\/><\/svg><\/button><div class=\"eedee-gutenslider-pagination\"><\/div><div class=\"gutenslider-divider-bottom  flip-y\" style=\"color:var(--nv-primary-accent);\"><\/div><\/div><\/div><\/div>\n\n\n\n<div class=\"wp-block-column is-layout-flow wp-block-column-is-layout-flow\"><div id=\"gutenslider-qj9anri1j\" class=\"wp-block-eedee-block-gutenslider gs-frontend content-change alignnone arrow-style-1 arrow-position-sides arrow-mb-none arrows-lg-none arrows-md-none arrows-sm-none dot-style-1 dots-lg dots-md dots-sm dot-position-bottom is-position-center-center mb-none wrap-auto-height\" data-parallax-direction=\"down\" data-parallax-amount=\"1.3\" data-lg-transition=\"lg-slide\" data-hash=\"\" ><div class=\"eedee-swiper-outer\" style=\"--gutenslider-min-height: 80vh;--gutenslider-arrow-size: 70px;--gutenslider-dot-size: 30px;--gutenslider-arrow-color: #ffffff;--gutenslider-dot-color: #ffffff;--gutenslider-padding-y-mobile: 40px;--gutenslider-padding-x-mobile: 40px;--gutenslider-padding-y-tablet: 40px;--gutenslider-padding-x-tablet: 40px;--gutenslider-padding-y-desktop: 40px;--gutenslider-padding-x-desktop: 40px;--gutenslider-bg-image: url();--gutenslider-min-height-md: 50vh;--gutenslider-min-height-sm: 50vh;--gutenslider-padding-x: 40px;--gutenslider-padding-x-md: 40px;--gutenslider-padding-x-sm: 20px;--gutenslider-padding-y: 40px;--gutenslider-padding-y-md: 40px;--gutenslider-padding-y-sm: 20px;--gutenslider-arrow-size-md: 70px;--gutenslider-arrow-size-sm: 70px;--gutenslider-dot-size-md: 30px;--gutenslider-dot-size-sm: 30px;--gutenslider-arrow-bg-color: transparent;--gutenslider-arrow-hover-color: #eeeeee;--gutenslider-arrow-bg-hover-color: transparent;--gutenslider-arrow-x-offset: 10px;--gutenslider-arrow-x-offset-md: 10px;--gutenslider-arrow-x-offset-sm: 10px;--gutenslider-arrow-y-offset: 0px;--gutenslider-arrow-y-offset-md: 0px;--gutenslider-arrow-y-offset-sm: 0px;--gutenslider-arrow-x-spacing: 0px;--gutenslider-dot-y-offset: 25px;--gutenslider-dot-y-offset-md: 25px;--gutenslider-dot-y-offset-sm: 25px;--gutenslider-margin-x: 0px;--gutenslider-margin-x-md: 0px;--gutenslider-margin-x-sm: 0px;--gutenslider-margin-y: 0px;--gutenslider-margin-y-md: 0px;--gutenslider-margin-y-sm: 0px;--gutenslider-divider-top: 60px;--gutenslider-divider-bottom: 60px;--gutenslider-lightgallery-bg: #ffffff;--gutenslider-lightgallery-font: #000000;--gs-first-pos: 93% 31%;--gs-gap-vertical: var( --wp--style--gallery-gap-default, var( --gallery-block--gutter-size, var( --wp--style--block-gap, 0.5em ) ) );--gs-gap-horizontal: var( --wp--style--gallery-gap-default, var( --gallery-block--gutter-size, var( --wp--style--block-gap, 0.5em ) ) );\"><div class=\"gutenslider-divider-top\" style=\"color:#fff;\"><\/div><div class=\"swiper\" data-settings='{\"autoplay\":{\"delay\":3000,\"pauseOnMouseEnter\":true,\"disableOnInteraction\":false},\"speed\":700,\"direction\":\"horizontal\",\"autoHeight\":\"\",\"loop\":true,\"centeredSlides\":true,\"spaceBetween\":0,\"slidesPerView\":1,\"slidesPerGroup\":1,\"effect\":\"slide\",\"coverflowEffect\":{\"rotate\":30,\"slideShadows\":false,\"depth\":100,\"stretch\":50,\"modifier\":1},\"fadeEffect\":{\"crossFade\":true},\"zoom\":\"\",\"navigation\":{\"nextEl\":\"#gutenslider-qj9anri1j .eedee-gutenslider-next\",\"prevEl\":\"#gutenslider-qj9anri1j .eedee-gutenslider-prev\"},\"pagination\":{\"type\":\"bullets\",\"clickable\":true,\"dynamicBullets\":false,\"el\":\"#gutenslider-qj9anri1j .eedee-gutenslider-pagination\"},\"pauseOnHover\":\"1\",\"watchSlidesProgress\":true,\"watchSlidesVisibility\":true,\"settingsMd\":{\"autoHeight\":\"\",\"slidesPerView\":1,\"slidesPerGroup\":1,\"spaceBetween\":0,\"loop\":true},\"settingsLg\":{\"autoHeight\":\"\",\"slidesPerView\":1,\"slidesPerGroup\":1,\"spaceBetween\":0,\"loop\":true},\"hasLg\":false,\"hasLgCounter\":true,\"isFullScreen\":false,\"arrowsFollowMouse\":false,\"lgTitle\":\"none\",\"lgCaption\":\"none\",\"lgThumbnails\":true,\"lgZoomEnabled\":false,\"keyboard\":false,\"hashNavigation\":false,\"dividers\":false}'><div class=\"swiper-wrapper\">\n<div class=\"swiper-slide wp-block-eedee-block-gutenslide is-position-center-center ed-bg-image\" style=\"--ed-vw:300;--ed-vh:150;\" data-hash=\"\"><div class=\"eedee-background-div bg-image\"><img loading=\"lazy\" width=\"2000\" height=\"1000\" class=\"wp-image-3167\" src=\"https:\/\/www.kihlstroms.se\/v3\/wp-content\/uploads\/2025\/04\/Isuzu.jpg\" alt=\"\" decoding=\"async\" style=\"object-fit: cover; object-position: 93% 31%;\"  data-title=\"Isuzu 3000x1500mm +30mm.indd\" srcset=\"https:\/\/www.kihlstroms.se\/v3\/wp-content\/uploads\/2025\/04\/Isuzu.jpg 2000w, https:\/\/www.kihlstroms.se\/v3\/wp-content\/uploads\/2025\/04\/Isuzu-600x300.jpg 600w, https:\/\/www.kihlstroms.se\/v3\/wp-content\/uploads\/2025\/04\/Isuzu-300x150.jpg 300w, https:\/\/www.kihlstroms.se\/v3\/wp-content\/uploads\/2025\/04\/Isuzu-1024x512.jpg 1024w, https:\/\/www.kihlstroms.se\/v3\/wp-content\/uploads\/2025\/04\/Isuzu-768x384.jpg 768w, https:\/\/www.kihlstroms.se\/v3\/wp-content\/uploads\/2025\/04\/Isuzu-50x25.jpg 50w, https:\/\/www.kihlstroms.se\/v3\/wp-content\/uploads\/2025\/04\/Isuzu-1600x800.jpg 1600w, https:\/\/www.kihlstroms.se\/v3\/wp-content\/uploads\/2025\/04\/Isuzu-1536x768.jpg 1536w, https:\/\/www.kihlstroms.se\/v3\/wp-content\/uploads\/2025\/04\/Isuzu-18x9.jpg 18w\" sizes=\"auto, (max-width: 2000px) 100vw, 2000px\" \/><div class=\"eedee-background-div__overlay\" style=\"opacity:0.5;background:Array;\"><\/div><\/div><div class=\"slide-content\">\n\n<h1 class=\"wp-block-heading has-text-align-center has-nv-text-dark-bg-color has-text-color has-link-color has-larger-font-size wp-elements-3dc7d42a658960e04bcde4e3d9a58f2d\">Kom in och provk\u00f6r<br>Sveriges mest s\u00e5lda pickup<\/h1>\n\n\n\n<h4 class=\"wp-block-heading has-text-align-center has-nv-text-dark-bg-color has-text-color has-link-color wp-elements-d8abc56ec30ee53c67a625de0ebbb77c\">Skatt fr. 4 244:\u2013\/\u00e5r, med CNG-Paketet<\/h4>\n\n\n\n<div class=\"wp-block-buttons is-content-justification-center is-layout-flex wp-container-core-buttons-is-layout-16018d1d wp-block-buttons-is-layout-flex\">\n<div class=\"wp-block-button is-style-secondary\"><a class=\"wp-block-button__link wp-element-button\" href=\"\/v3\/isuzu-stockholm-2025\">L\u00e4s mer<\/a><\/div>\n<\/div>\n\n\n\n<p class=\"has-text-align-center\"> <\/p>\n\n<\/div><\/div>\n<\/div><\/div><button class=\"eedee-gutenslider-nav eedee-gutenslider-prev\"><svg xmlns=\"http:\/\/www.w3.org\/2000\/svg\" viewBox=\"0 0 24 24\" width=\"24\" height=\"24\"><circle class=\"bg\" cx=\"13\" cy=\"12\" r=\"11\" \/><path fill=\"none\" d=\"M0 0h24v24H0z\"\/><path class=\"arrow\" d=\"M10.828 12l4.95 4.95-1.414 1.414L8 12l6.364-6.364 1.414 1.414z\"\/><\/svg><\/button><button class=\"eedee-gutenslider-nav eedee-gutenslider-next\"><svg xmlns=\"http:\/\/www.w3.org\/2000\/svg\" viewBox=\"0 0 24 24\" width=\"24\" height=\"24\"><circle class=\"bg\" cx=\"11\" cy=\"12\" r=\"11\" \/><path fill=\"none\" d=\"M0 0h24v24H0z\"\/><path class=\"arrow\" d=\"M13.172 12l-4.95-4.95 1.414-1.414L16 12l-6.364 6.364-1.414-1.414z\"\/><\/svg><\/button><div class=\"eedee-gutenslider-pagination\"><\/div><div class=\"gutenslider-divider-bottom \" style=\"color:#fff;\"><\/div><\/div><\/div><\/div>\n<\/div>\n\n\n<div id=fake>\n\n\n<div class=\"wp-block-columns is-layout-flex wp-container-core-columns-is-layout-9d6595d7 wp-block-columns-is-layout-flex\">\n<div class=\"wp-block-column is-layout-flow wp-block-column-is-layout-flow\">\n<div class=\"wp-block-columns is-layout-flex wp-container-core-columns-is-layout-9d6595d7 wp-block-columns-is-layout-flex\">\n<div class=\"wp-block-column is-layout-flow wp-block-column-is-layout-flow\">\n<p>DONT REMOVE THIS <br>THIS FAKE LEFT <br><br>AND FAKE RIGHT GUTENSLIDE IS NEEDED &gt;&gt;&gt;<\/p>\n<\/div>\n\n\n\n<div class=\"wp-block-column is-layout-flow wp-block-column-is-layout-flow\"><div id=\"gutenslider-vqdxtyxvc\" class=\"wp-block-eedee-block-gutenslider gs-frontend content-change alignnone arrow-style-1 arrow-position-sides arrow-mb-none arrows-lg arrows-md arrows-sm dot-style-1 dots-lg dots-md dots-sm dot-position-bottom is-position-center-center mb-none wrap-auto-height\" data-parallax-direction=\"down\" data-parallax-amount=\"1.3\" data-lg-transition=\"lg-slide\" data-hash=\"\" ><div class=\"eedee-swiper-outer\" style=\"--gutenslider-min-height: 50vh;--gutenslider-arrow-size: 30px;--gutenslider-dot-size: 25px;--gutenslider-arrow-color: #ffffff;--gutenslider-dot-color: #ffffff;--gutenslider-padding-y-mobile: 40px;--gutenslider-padding-x-mobile: 40px;--gutenslider-padding-y-tablet: 40px;--gutenslider-padding-x-tablet: 40px;--gutenslider-padding-y-desktop: 40px;--gutenslider-padding-x-desktop: 40px;--gutenslider-bg-image: url();--gutenslider-min-height-md: 50vh;--gutenslider-min-height-sm: 50vh;--gutenslider-padding-x: 40px;--gutenslider-padding-x-md: 40px;--gutenslider-padding-x-sm: 20px;--gutenslider-padding-y: 40px;--gutenslider-padding-y-md: 40px;--gutenslider-padding-y-sm: 20px;--gutenslider-arrow-size-md: 30px;--gutenslider-arrow-size-sm: 30px;--gutenslider-dot-size-md: 25px;--gutenslider-dot-size-sm: 25px;--gutenslider-arrow-bg-color: transparent;--gutenslider-arrow-hover-color: #eeeeee;--gutenslider-arrow-bg-hover-color: transparent;--gutenslider-arrow-x-offset: 10px;--gutenslider-arrow-x-offset-md: 10px;--gutenslider-arrow-x-offset-sm: 10px;--gutenslider-arrow-y-offset: 0px;--gutenslider-arrow-y-offset-md: 0px;--gutenslider-arrow-y-offset-sm: 0px;--gutenslider-arrow-x-spacing: 0px;--gutenslider-dot-y-offset: 10px;--gutenslider-dot-y-offset-md: 10px;--gutenslider-dot-y-offset-sm: 10px;--gutenslider-margin-x: 0px;--gutenslider-margin-x-md: 0px;--gutenslider-margin-x-sm: 0px;--gutenslider-margin-y: 0px;--gutenslider-margin-y-md: 0px;--gutenslider-margin-y-sm: 0px;--gutenslider-divider-top: 60px;--gutenslider-divider-bottom: 60px;--gutenslider-lightgallery-bg: #ffffff;--gutenslider-lightgallery-font: #000000;--gs-first-pos: 50% 50%;--gs-gap-vertical: var( --wp--style--gallery-gap-default, var( --gallery-block--gutter-size, var( --wp--style--block-gap, 0.5em ) ) );--gs-gap-horizontal: var( --wp--style--gallery-gap-default, var( --gallery-block--gutter-size, var( --wp--style--block-gap, 0.5em ) ) );\"><div class=\"gutenslider-divider-top\" style=\"color:#fff;\"><\/div><div class=\"swiper\" data-settings='{\"autoplay\":{\"delay\":3000,\"pauseOnMouseEnter\":true,\"disableOnInteraction\":false},\"speed\":700,\"direction\":\"horizontal\",\"autoHeight\":\"\",\"loop\":true,\"centeredSlides\":true,\"spaceBetween\":0,\"slidesPerView\":1,\"slidesPerGroup\":1,\"effect\":\"slide\",\"coverflowEffect\":{\"rotate\":30,\"slideShadows\":false,\"depth\":100,\"stretch\":50,\"modifier\":1},\"fadeEffect\":{\"crossFade\":true},\"zoom\":\"\",\"navigation\":{\"nextEl\":\"#gutenslider-vqdxtyxvc .eedee-gutenslider-next\",\"prevEl\":\"#gutenslider-vqdxtyxvc .eedee-gutenslider-prev\"},\"pagination\":{\"type\":\"bullets\",\"clickable\":true,\"dynamicBullets\":false,\"el\":\"#gutenslider-vqdxtyxvc .eedee-gutenslider-pagination\"},\"pauseOnHover\":\"1\",\"watchSlidesProgress\":true,\"watchSlidesVisibility\":true,\"settingsMd\":{\"autoHeight\":\"\",\"slidesPerView\":1,\"slidesPerGroup\":1,\"spaceBetween\":0,\"loop\":true},\"settingsLg\":{\"autoHeight\":\"\",\"slidesPerView\":1,\"slidesPerGroup\":1,\"spaceBetween\":0,\"loop\":true},\"hasLg\":false,\"hasLgCounter\":true,\"isFullScreen\":false,\"arrowsFollowMouse\":false,\"lgTitle\":\"none\",\"lgCaption\":\"none\",\"lgThumbnails\":true,\"lgZoomEnabled\":false,\"keyboard\":{\"keyboard\":{\"enabled\":true,\"onlyInViewport\":true}},\"hashNavigation\":false,\"dividers\":false}'><div class=\"swiper-wrapper\"><\/div><\/div><button class=\"eedee-gutenslider-nav eedee-gutenslider-prev\"><svg xmlns=\"http:\/\/www.w3.org\/2000\/svg\" viewBox=\"0 0 24 24\" width=\"24\" height=\"24\"><circle class=\"bg\" cx=\"13\" cy=\"12\" r=\"11\" \/><path fill=\"none\" d=\"M0 0h24v24H0z\"\/><path class=\"arrow\" d=\"M10.828 12l4.95 4.95-1.414 1.414L8 12l6.364-6.364 1.414 1.414z\"\/><\/svg><\/button><button class=\"eedee-gutenslider-nav eedee-gutenslider-next\"><svg xmlns=\"http:\/\/www.w3.org\/2000\/svg\" viewBox=\"0 0 24 24\" width=\"24\" height=\"24\"><circle class=\"bg\" cx=\"11\" cy=\"12\" r=\"11\" \/><path fill=\"none\" d=\"M0 0h24v24H0z\"\/><path class=\"arrow\" d=\"M13.172 12l-4.95-4.95 1.414-1.414L16 12l-6.364 6.364-1.414-1.414z\"\/><\/svg><\/button><div class=\"eedee-gutenslider-pagination\"><\/div><div class=\"gutenslider-divider-bottom \" style=\"color:#fff;\"><\/div><\/div><\/div><\/div>\n<\/div>\n<\/div>\n<\/div>\n\n\n<\/div>\n\n\n<style>\n#fake {\n   display:none;\n}\n.sswiper-wrapper {\n   min-height: 100dvh !important;\n}\n.wp-block-columns {\n   gap:0 !important;\n   margin-bottom: 0 !important;\n}\n<\/style>\n","protected":false},"excerpt":{"rendered":"<p>DONT REMOVE THIS THIS FAKE LEFT AND FAKE RIGHT GUTENSLIDE IS NEEDED &gt;&gt;&gt;<\/p>\n","protected":false},"author":1,"featured_media":0,"parent":0,"menu_order":0,"comment_status":"closed","ping_status":"closed","template":"","meta":{"_eb_attr":"","neve_meta_sidebar":"full-width","neve_meta_container":"full-width","neve_meta_enable_content_width":"off","neve_meta_content_width":100,"neve_meta_title_alignment":"","neve_meta_author_avatar":"","neve_post_elements_order":"","neve_meta_disable_header":"off","neve_meta_disable_footer":"","neve_meta_disable_title":"on","neve_meta_reading_time":"","footnotes":""},"class_list":["post-25","page","type-page","status-publish","hentry"],"_links":{"self":[{"href":"https:\/\/www.kihlstroms.se\/v3\/wp-json\/wp\/v2\/pages\/25","targetHints":{"allow":["GET"]}}],"collection":[{"href":"https:\/\/www.kihlstroms.se\/v3\/wp-json\/wp\/v2\/pages"}],"about":[{"href":"https:\/\/www.kihlstroms.se\/v3\/wp-json\/wp\/v2\/types\/page"}],"author":[{"embeddable":true,"href":"https:\/\/www.kihlstroms.se\/v3\/wp-json\/wp\/v2\/users\/1"}],"replies":[{"embeddable":true,"href":"https:\/\/www.kihlstroms.se\/v3\/wp-json\/wp\/v2\/comments?post=25"}],"version-history":[{"count":146,"href":"https:\/\/www.kihlstroms.se\/v3\/wp-json\/wp\/v2\/pages\/25\/revisions"}],"predecessor-version":[{"id":3826,"href":"https:\/\/www.kihlstroms.se\/v3\/wp-json\/wp\/v2\/pages\/25\/revisions\/3826"}],"wp:attachment":[{"href":"https:\/\/www.kihlstroms.se\/v3\/wp-json\/wp\/v2\/media?parent=25"}],"curies":[{"name":"wp","href":"https:\/\/api.w.org\/{rel}","templated":true}]}}