{"id":932,"date":"2023-10-11T08:04:53","date_gmt":"2023-10-11T08:04:53","guid":{"rendered":"https:\/\/www.kihlstroms.se\/v3\/?page_id=932"},"modified":"2024-01-16T08:32:27","modified_gmt":"2024-01-16T08:32:27","slug":"tour","status":"publish","type":"page","link":"https:\/\/www.kihlstroms.se\/v3\/tour\/","title":{"rendered":"IVECO eDaily"},"content":{"rendered":"\n<div style=\"height:50px\" aria-hidden=\"true\" class=\"wp-block-spacer\"><\/div>\n\n\n\n<h3 class=\"wp-block-heading\">IVECO eDaily<\/h3>\n\n\n\n<h6 class=\"wp-block-heading\"><\/h6>\n\n\n\n<p><\/p>\n\n\n\n<h3 class=\"wp-block-heading\">F\u00e5 tillg\u00e5ng till milj\u00f6zon 3, utan begr\u00e4nsningar, med den b\u00e4sta transportbilen f\u00f6r stan<\/h3>\n\n\n\n<p>IVECO&#8217;s elektriska och gasdrivna transportbilar har samma starka och kompletta modellutbud som den dieseldrivna IVECO Daily. Det inneb\u00e4r att du kan v\u00e4lja den modell som passar din verksamhet b\u00e4st i segmentet 3.5-7.2 ton.  <\/p>\n\n\n\n<div data-wp-interactive=\"core\/file\" class=\"wp-block-file\"><object data-wp-bind--hidden=\"!state.hasPdfPreview\" hidden class=\"wp-block-file__embed\" data=\"https:\/\/www.kihlstroms.se\/v3\/wp-content\/uploads\/2023\/11\/IVECO-eDaily-kihlstroms.pdf\" type=\"application\/pdf\" style=\"width:100%;height:600px\" aria-label=\"Inb\u00e4ddning av IVECO-eDaily-kihlstroms.\"><\/object><a id=\"wp-block-file--media-022ba372-0669-43d0-a04c-2120b39adbfa\" href=\"https:\/\/www.kihlstroms.se\/v3\/wp-content\/uploads\/2023\/11\/IVECO-eDaily-kihlstroms.pdf\">IVECO-eDaily-kihlstroms<\/a><a href=\"https:\/\/www.kihlstroms.se\/v3\/wp-content\/uploads\/2023\/11\/IVECO-eDaily-kihlstroms.pdf\" class=\"wp-block-file__button wp-element-button\" download aria-describedby=\"wp-block-file--media-022ba372-0669-43d0-a04c-2120b39adbfa\">Ladda ner<\/a><\/div>\n\n\n\n<p>Dessutom har vi en Super-kampanj p\u00e5 IVECO Daily Fastlane (diesel).<\/p>\n\n\n\n<p>Kontakta oss f\u00f6r mer information och offert. <\/p>\n\n\n\n<div style=\"height:50px\" aria-hidden=\"true\" class=\"wp-block-spacer\"><\/div>\n","protected":false},"excerpt":{"rendered":"<p>IVECO eDaily F\u00e5 tillg\u00e5ng till milj\u00f6zon 3, utan begr\u00e4nsningar, med den b\u00e4sta transportbilen f\u00f6r stan IVECO&#8217;s elektriska och gasdrivna transportbilar har samma starka och kompletta modellutbud som den dieseldrivna IVECO Daily. Det inneb\u00e4r att du kan v\u00e4lja den modell som passar din verksamhet b\u00e4st i segmentet 3.5-7.2 ton. Dessutom har vi en Super-kampanj p\u00e5 IVECO&hellip;&nbsp;<a href=\"https:\/\/www.kihlstroms.se\/v3\/tour\/\" rel=\"bookmark\">Read More &raquo;<span class=\"screen-reader-text\">IVECO eDaily<\/span><\/a><\/p>\n","protected":false},"author":1,"featured_media":0,"parent":0,"menu_order":0,"comment_status":"closed","ping_status":"closed","template":"","meta":{"_eb_attr":"","neve_meta_sidebar":"full-width","neve_meta_container":"contained","neve_meta_enable_content_width":"","neve_meta_content_width":0,"neve_meta_title_alignment":"","neve_meta_author_avatar":"","neve_post_elements_order":"","neve_meta_disable_header":"","neve_meta_disable_footer":"","neve_meta_disable_title":"on","neve_meta_reading_time":"","footnotes":""},"class_list":["post-932","page","type-page","status-publish","hentry"],"_links":{"self":[{"href":"https:\/\/www.kihlstroms.se\/v3\/wp-json\/wp\/v2\/pages\/932","targetHints":{"allow":["GET"]}}],"collection":[{"href":"https:\/\/www.kihlstroms.se\/v3\/wp-json\/wp\/v2\/pages"}],"about":[{"href":"https:\/\/www.kihlstroms.se\/v3\/wp-json\/wp\/v2\/types\/page"}],"author":[{"embeddable":true,"href":"https:\/\/www.kihlstroms.se\/v3\/wp-json\/wp\/v2\/users\/1"}],"replies":[{"embeddable":true,"href":"https:\/\/www.kihlstroms.se\/v3\/wp-json\/wp\/v2\/comments?post=932"}],"version-history":[{"count":18,"href":"https:\/\/www.kihlstroms.se\/v3\/wp-json\/wp\/v2\/pages\/932\/revisions"}],"predecessor-version":[{"id":2893,"href":"https:\/\/www.kihlstroms.se\/v3\/wp-json\/wp\/v2\/pages\/932\/revisions\/2893"}],"wp:attachment":[{"href":"https:\/\/www.kihlstroms.se\/v3\/wp-json\/wp\/v2\/media?parent=932"}],"curies":[{"name":"wp","href":"https:\/\/api.w.org\/{rel}","templated":true}]}}